{"id":49519,"date":"2021-11-16T01:08:50","date_gmt":"2021-11-16T01:08:50","guid":{"rendered":"https:\/\/www.clubaira.org\/website\/?page_id=49519"},"modified":"2021-11-16T01:13:34","modified_gmt":"2021-11-16T01:13:34","slug":"homenaje-a-jose-luis-wp3hy","status":"publish","type":"page","link":"https:\/\/www.clubaira.org\/website\/homenaje-a-jose-luis-wp3hy\/","title":{"rendered":"Homenaje A Jose Luis WP3HY"},"content":{"rendered":"<p>[et_pb_section fb_built=&#8221;1&#8243; _builder_version=&#8221;4.11.2&#8243; _module_preset=&#8221;default&#8221; global_colors_info=&#8221;{}&#8221;][et_pb_row _builder_version=&#8221;4.11.2&#8243; _module_preset=&#8221;default&#8221; global_colors_info=&#8221;{}&#8221;][et_pb_column type=&#8221;4_4&#8243; _builder_version=&#8221;4.11.2&#8243; _module_preset=&#8221;default&#8221; global_colors_info=&#8221;{}&#8221;][et_pb_text _builder_version=&#8221;4.11.2&#8243; _module_preset=&#8221;default&#8221; hover_enabled=&#8221;0&#8243; sticky_enabled=&#8221;0&#8243;]<\/p>\n<h1>\u00a0Jos\u00e9 Luis (WP3HY)<\/h1>\n<p>[\/et_pb_text][et_pb_text _builder_version=&#8221;4.11.2&#8243; _module_preset=&#8221;default&#8221; hover_enabled=&#8221;0&#8243; sticky_enabled=&#8221;0&#8243;]<\/p>\n<p>Esta p\u00e1gina se la estamos dedic\u00e1ndo a nuestro gran amigo Jos\u00e9 Luis (WP3HY) miembro del Club AIRA. Que mejor homenaje que siempre decirle que lo queremos y que siempre estar\u00e1 en nuestros pensamientos.<\/p>\n<p>Este v\u00eddeo a pesar de no\u00a0tener audio fue un QSO m\u00edo\u00a0 (Chuo KP4EOP) que yo le grabe. En el pueden apreciar su dedicaci\u00f3n y el amor que \u00e9l pon\u00eda guardando sus equipos minutos despu\u00e9s de terminar el Net, para tenerlo listo para el siguiente. Yo discut\u00ed con \u00e9l este v\u00eddeo en varias ocasiones para dejarle saber que yo me di cuenta de su dedicaci\u00f3n y como cada Jueves desde el 7 de Abril del 2005 nos entreten\u00eda como nadie puede hacerlo. Solo no pudo hacer el Net algunos tres o cuatro Jueves debido a su trabajo, fuera de eso siempre cumplio con su compromiso a el Club AIRA.<\/p>\n<p>Jos\u00e9 Luis, que mucha falta nos haces.<\/p>\n<p>[\/et_pb_text][et_pb_video src=&#8221;https:\/\/www.youtube.com\/watch?v=4lbjCTJSFE4&#8243; _builder_version=&#8221;4.11.2&#8243; _module_preset=&#8221;default&#8221; global_colors_info=&#8221;{}&#8221;][\/et_pb_video][\/et_pb_column][\/et_pb_row][\/et_pb_section]<\/p>\n","protected":false},"excerpt":{"rendered":"<p>\u00a0Jos\u00e9 Luis (WP3HY)Esta p\u00e1gina se la estamos dedic\u00e1ndo a nuestro gran amigo Jos\u00e9 Luis (WP3HY) miembro del Club AIRA. Que mejor homenaje que siempre decirle que lo queremos y que siempre estar\u00e1 en nuestros pensamientos. Este v\u00eddeo a pesar de no\u00a0tener audio fue un QSO m\u00edo\u00a0 (Chuo KP4EOP) que yo le grabe. En el pueden [&hellip;]<\/p>\n","protected":false},"author":1,"featured_media":0,"parent":0,"menu_order":0,"comment_status":"closed","ping_status":"closed","template":"","meta":{"_et_pb_use_builder":"on","_et_pb_old_content":"","_et_gb_content_width":"","footnotes":""},"class_list":["post-49519","page","type-page","status-publish","hentry"],"_links":{"self":[{"href":"https:\/\/www.clubaira.org\/website\/wp-json\/wp\/v2\/pages\/49519","targetHints":{"allow":["GET"]}}],"collection":[{"href":"https:\/\/www.clubaira.org\/website\/wp-json\/wp\/v2\/pages"}],"about":[{"href":"https:\/\/www.clubaira.org\/website\/wp-json\/wp\/v2\/types\/page"}],"author":[{"embeddable":true,"href":"https:\/\/www.clubaira.org\/website\/wp-json\/wp\/v2\/users\/1"}],"replies":[{"embeddable":true,"href":"https:\/\/www.clubaira.org\/website\/wp-json\/wp\/v2\/comments?post=49519"}],"version-history":[{"count":4,"href":"https:\/\/www.clubaira.org\/website\/wp-json\/wp\/v2\/pages\/49519\/revisions"}],"predecessor-version":[{"id":49524,"href":"https:\/\/www.clubaira.org\/website\/wp-json\/wp\/v2\/pages\/49519\/revisions\/49524"}],"wp:attachment":[{"href":"https:\/\/www.clubaira.org\/website\/wp-json\/wp\/v2\/media?parent=49519"}],"curies":[{"name":"wp","href":"https:\/\/api.w.org\/{rel}","templated":true}]}}